{"id":30,"date":"2022-12-19T02:30:45","date_gmt":"2022-12-19T02:30:45","guid":{"rendered":"https:\/\/gaviaspreview.com\/wp\/gowilds\/?page_id=30"},"modified":"2025-12-16T16:29:14","modified_gmt":"2025-12-16T16:29:14","slug":"contact","status":"publish","type":"page","link":"https:\/\/hurghada-sea-soul.com\/pl\/contact\/","title":{"rendered":"Skontaktuj si\u0119 z nami"},"content":{"rendered":"<div data-elementor-type=\"wp-page\" data-elementor-id=\"30\" class=\"elementor elementor-30\" data-elementor-post-type=\"page\">\n\t\t\t\t\t\t<section class=\"elementor-section elementor-top-section elementor-element elementor-element-f65563a elementor-section-full_width elementor-section-height-default elementor-section-height-default\" data-id=\"f65563a\" data-element_type=\"section\">\n\t\t\t\t\t\t<div class=\"elementor-container elementor-column-gap-default\">\n\t\t\t\t\t<div class=\"elementor-column elementor-col-100 elementor-top-column elementor-element elementor-element-d98a98b\" data-id=\"d98a98b\" data-element_type=\"column\">\n\t\t\t<div class=\"elementor-widget-wrap elementor-element-populated\">\n\t\t\t\t\t\t<div class=\"elementor-element elementor-element-c060d28 elementor-widget elementor-widget-gva_post_breadcrumb\" data-id=\"c060d28\" data-element_type=\"widget\" data-widget_type=\"gva_post_breadcrumb.default\">\n\t\t\t\t<div class=\"elementor-widget-container\">\n\t\t\t\t\t<div class=\"gva-element-gva_post_breadcrumb gva-element\">   \r\n<div class=\"post-breadcrumb\">\r\n   <div class=\"custom-breadcrumb\" >\r\n               <div class=\"breadcrumb-overlay\" style=\"\"><\/div>\r\n            <div class=\"breadcrumb-main\">\r\n        <div class=\"container\">\r\n          <div class=\"breadcrumb-container-inner align-center\">\r\n            <h2 class=\"heading-title\">Skontaktuj si\u0119 z nami<\/h2>          <\/div>  \r\n        <\/div>   \r\n      <\/div>  \r\n   <\/div>\r\n<\/div>      \r\n\r\n<\/div>\t\t\t\t<\/div>\n\t\t\t\t<\/div>\n\t\t\t\t\t<\/div>\n\t\t<\/div>\n\t\t\t\t\t<\/div>\n\t\t<\/section>\n\t\t\t\t<section class=\"elementor-section elementor-top-section elementor-element elementor-element-39d57c1 elementor-section-boxed elementor-section-height-default elementor-section-height-default\" data-id=\"39d57c1\" data-element_type=\"section\">\n\t\t\t\t\t\t<div class=\"elementor-container elementor-column-gap-default\">\n\t\t\t\t\t<div class=\"elementor-column elementor-col-50 elementor-top-column elementor-element elementor-element-d53e8c2\" data-id=\"d53e8c2\" data-element_type=\"column\">\n\t\t\t<div class=\"elementor-widget-wrap elementor-element-populated\">\n\t\t\t\t\t\t<div class=\"elementor-element elementor-element-f104b21 elementor-widget elementor-widget-gva-heading-block\" data-id=\"f104b21\" data-element_type=\"widget\" data-widget_type=\"gva-heading-block.default\">\n\t\t\t\t<div class=\"elementor-widget-container\">\n\t\t\t\t\t<div class=\"gva-element-gva-heading-block gva-element\">   <div class=\"align-left style-2 widget gsc-heading box-align-left auto-responsive\">\r\n      <div class=\"content-inner\">\r\n         \r\n                  \r\n         <div class=\"sub-title\"><span class=\"tagline\">Skontaktuj si\u0119 z nami<\/span><\/div>  \r\n         \r\n                     <h2 class=\"title\">\r\n               <span>Jeste\u015bmy tutaj, aby pom\u00f3c Ci zaplanowa\u0107 idealn\u0105 wycieczk\u0119!<\/span>\r\n            <\/h2>\r\n                  \r\n                     <div class=\"title-desc\">Hurghada Sea Soul to lokalny specjalista od wycieczek, kt\u00f3rego misj\u0105 jest tworzenie niezapomnianych wra\u017ce\u0144 z podr\u00f3\u017cy do Egiptu.\n\nWsp\u00f3\u0142pracujemy z licencjonowanymi organizatorami i do\u015bwiadczonymi przewodnikami, aby zapewni\u0107, \u017ce ka\u017cda wycieczka spe\u0142nia wysokie standardy bezpiecze\u0144stwa, komfortu i przyjemno\u015bci. Nasz\u0105 misj\u0105 jest umo\u017cliwienie podr\u00f3\u017cnym do\u015bwiadczenia naturalnego pi\u0119kna i bogatej historii Egiptu bez stresu i przep\u0142acania.<\/div>\r\n         \r\n         \r\n      <\/div>\r\n   <\/div>\r\n<\/div>\t\t\t\t<\/div>\n\t\t\t\t<\/div>\n\t\t\t\t\t<\/div>\n\t\t<\/div>\n\t\t\t\t<div class=\"elementor-column elementor-col-50 elementor-top-column elementor-element elementor-element-e2e1505\" data-id=\"e2e1505\" data-element_type=\"column\">\n\t\t\t<div class=\"elementor-widget-wrap elementor-element-populated\">\n\t\t\t\t\t\t<div class=\"elementor-element elementor-element-ec55fb5 elementor-widget elementor-widget-image\" data-id=\"ec55fb5\" data-element_type=\"widget\" data-widget_type=\"image.default\">\n\t\t\t\t\t\t\t\t\t\t\t\t\t\t\t<img fetchpriority=\"high\" decoding=\"async\" width=\"309\" height=\"263\" src=\"https:\/\/hurghada-sea-soul.com\/wp-content\/uploads\/2025\/12\/WhatsApp_Image_2025-10-07_at_10.52.17-removebg-preview-1-1-1-e1765898253581.png\" class=\"attachment-full size-full wp-image-1309\" alt=\"\" srcset=\"https:\/\/hurghada-sea-soul.com\/wp-content\/uploads\/2025\/12\/WhatsApp_Image_2025-10-07_at_10.52.17-removebg-preview-1-1-1-e1765898253581.png 309w, https:\/\/hurghada-sea-soul.com\/wp-content\/uploads\/2025\/12\/WhatsApp_Image_2025-10-07_at_10.52.17-removebg-preview-1-1-1-e1765898253581-14x12.png 14w\" sizes=\"(max-width: 309px) 100vw, 309px\" \/>\t\t\t\t\t\t\t\t\t\t\t\t\t\t\t<\/div>\n\t\t\t\t\t<\/div>\n\t\t<\/div>\n\t\t\t\t\t<\/div>\n\t\t<\/section>\n\t\t\t\t<section class=\"elementor-section elementor-top-section elementor-element elementor-element-ce6dba8 elementor-section-boxed elementor-section-height-default elementor-section-height-default\" data-id=\"ce6dba8\" data-element_type=\"section\">\n\t\t\t\t\t\t<div class=\"elementor-container elementor-column-gap-default\">\n\t\t\t\t\t<div class=\"elementor-column elementor-col-50 elementor-top-column elementor-element elementor-element-f62713a\" data-id=\"f62713a\" data-element_type=\"column\">\n\t\t\t<div class=\"elementor-widget-wrap elementor-element-populated\">\n\t\t\t\t\t\t<div class=\"elementor-element elementor-element-d8d863d elementor-widget elementor-widget-gva-heading-block\" data-id=\"d8d863d\" data-element_type=\"widget\" data-widget_type=\"gva-heading-block.default\">\n\t\t\t\t<div class=\"elementor-widget-container\">\n\t\t\t\t\t<div class=\"gva-element-gva-heading-block gva-element\">   <div class=\"align-left style-1 widget gsc-heading box-align-left auto-responsive\">\r\n      <div class=\"content-inner\">\r\n         \r\n                  \r\n         <div class=\"sub-title\"><span class=\"tagline\">Skontaktuj si\u0119 z nami.<\/span><\/div>  \r\n         \r\n                     <h2 class=\"title\">\r\n               <span>Masz pytania? Napisz do nas.<\/span>\r\n            <\/h2>\r\n                  \r\n                     <div class=\"title-desc\">Od rejs\u00f3w morskich i wycieczek po wyspach, przez safari na pustyni, po wycieczki kulturalne \u2013 stawiamy na jako\u015b\u0107, transparentno\u015b\u0107 i zadowolenie klienta.\n\n\u2728 Twoje wakacje s\u0105 nasz\u0105 odpowiedzialno\u015bci\u0105 \u2014 a Twoje szcz\u0119\u015bcie naszym sukcesem.<\/div>\r\n         \r\n         \r\n      <\/div>\r\n   <\/div>\r\n<\/div>\t\t\t\t<\/div>\n\t\t\t\t<\/div>\n\t\t\t\t<div class=\"elementor-element elementor-element-c879c83 elementor-shape-circle e-grid-align-left elementor-grid-0 elementor-widget elementor-widget-social-icons\" data-id=\"c879c83\" data-element_type=\"widget\" data-widget_type=\"social-icons.default\">\n\t\t\t\t\t\t\t<div class=\"elementor-social-icons-wrapper elementor-grid\" role=\"list\">\n\t\t\t\t\t\t\t<span class=\"elementor-grid-item\" role=\"listitem\">\n\t\t\t\t\t<a class=\"elementor-icon elementor-social-icon elementor-social-icon-facebook elementor-repeater-item-4144226\" target=\"_blank\">\n\t\t\t\t\t\t<span class=\"elementor-screen-only\">Facebook<\/span>\n\t\t\t\t\t\t<i aria-hidden=\"true\" class=\"fab fa-facebook\"><\/i>\t\t\t\t\t<\/a>\n\t\t\t\t<\/span>\n\t\t\t\t\t\t\t<span class=\"elementor-grid-item\" role=\"listitem\">\n\t\t\t\t\t<a class=\"elementor-icon elementor-social-icon elementor-social-icon-instagram elementor-repeater-item-cec3971\" target=\"_blank\">\n\t\t\t\t\t\t<span class=\"elementor-screen-only\">Instagram<\/span>\n\t\t\t\t\t\t<i aria-hidden=\"true\" class=\"fab fa-instagram\"><\/i>\t\t\t\t\t<\/a>\n\t\t\t\t<\/span>\n\t\t\t\t\t\t\t<span class=\"elementor-grid-item\" role=\"listitem\">\n\t\t\t\t\t<a class=\"elementor-icon elementor-social-icon elementor-social-icon-whatsapp elementor-repeater-item-cd03c83\" target=\"_blank\">\n\t\t\t\t\t\t<span class=\"elementor-screen-only\">Whatsapp<\/span>\n\t\t\t\t\t\t<i aria-hidden=\"true\" class=\"fab fa-whatsapp\"><\/i>\t\t\t\t\t<\/a>\n\t\t\t\t<\/span>\n\t\t\t\t\t\t\t<span class=\"elementor-grid-item\" role=\"listitem\">\n\t\t\t\t\t<a class=\"elementor-icon elementor-social-icon elementor-social-icon-youtube elementor-repeater-item-0114174\" target=\"_blank\">\n\t\t\t\t\t\t<span class=\"elementor-screen-only\">Youtube<\/span>\n\t\t\t\t\t\t<i aria-hidden=\"true\" class=\"fab fa-youtube\"><\/i>\t\t\t\t\t<\/a>\n\t\t\t\t<\/span>\n\t\t\t\t\t<\/div>\n\t\t\t\t\t\t<\/div>\n\t\t\t\t\t<\/div>\n\t\t<\/div>\n\t\t\t\t<div class=\"elementor-column elementor-col-50 elementor-top-column elementor-element elementor-element-3b6d25a\" data-id=\"3b6d25a\" data-element_type=\"column\">\n\t\t\t<div class=\"elementor-widget-wrap elementor-element-populated\">\n\t\t\t\t\t\t<div class=\"elementor-element elementor-element-7046b2e elementor-widget elementor-widget-shortcode\" data-id=\"7046b2e\" data-element_type=\"widget\" data-widget_type=\"shortcode.default\">\n\t\t\t\t\t\t\t<div class=\"elementor-shortcode\">\n<div class=\"wpcf7 no-js\" id=\"wpcf7-f540-o1\" lang=\"en-US\" dir=\"ltr\" data-wpcf7-id=\"540\">\n<div class=\"screen-reader-response\"><p role=\"status\" aria-live=\"polite\" aria-atomic=\"true\"><\/p> <ul><\/ul><\/div>\n<form action=\"\/pl\/wp-json\/wp\/v2\/pages\/30#wpcf7-f540-o1\" method=\"post\" class=\"wpcf7-form init\" aria-label=\"Contact form\" novalidate=\"novalidate\" data-status=\"init\" data-trp-original-action=\"\/pl\/wp-json\/wp\/v2\/pages\/30#wpcf7-f540-o1\">\n<fieldset class=\"hidden-fields-container\"><input type=\"hidden\" name=\"_wpcf7\" value=\"540\" \/><input type=\"hidden\" name=\"_wpcf7_version\" value=\"6.1.4\" \/><input type=\"hidden\" name=\"_wpcf7_locale\" value=\"en_US\" \/><input type=\"hidden\" name=\"_wpcf7_unit_tag\" value=\"wpcf7-f540-o1\" \/><input type=\"hidden\" name=\"_wpcf7_container_post\" value=\"0\" \/><input type=\"hidden\" name=\"_wpcf7_posted_data_hash\" value=\"\" \/>\n<\/fieldset>\n<div class=\"row\">\n   <div class=\"col-sm-6 col-xs-12\">\n     <span class=\"wpcf7-form-control-wrap\" data-name=\"your-name\"><input size=\"40\" maxlength=\"400\" class=\"wpcf7-form-control wpcf7-text wpcf7-validates-as-required\" aria-required=\"true\" aria-invalid=\"false\" placeholder=\"Twoje imi\u0119\" value=\"\" type=\"text\" name=\"your-name\" \/><\/span>\n   <\/div>\n   <div class=\"col-sm-6 col-xs-12\">\n     <span class=\"wpcf7-form-control-wrap\" data-name=\"your-phone\"><input size=\"40\" maxlength=\"400\" class=\"wpcf7-form-control wpcf7-text wpcf7-validates-as-required\" aria-required=\"true\" aria-invalid=\"false\" placeholder=\"Adres e-mail\" value=\"\" type=\"text\" name=\"your-phone\" \/><\/span>\n   <\/div>\n<\/div>\n<div class=\"row\">\n   <div class=\"col-sm-6 col-xs-12\">\n      <span class=\"wpcf7-form-control-wrap\" data-name=\"your-email\"><input size=\"40\" maxlength=\"400\" class=\"wpcf7-form-control wpcf7-email wpcf7-validates-as-required wpcf7-text wpcf7-validates-as-email\" aria-required=\"true\" aria-invalid=\"false\" placeholder=\"Numer telefonu\" value=\"\" type=\"email\" name=\"your-email\" \/><\/span>\n   <\/div>\n   <div class=\"col-sm-6 col-xs-12\">\n      <span class=\"wpcf7-form-control-wrap\" data-name=\"your-subject\"><input size=\"40\" maxlength=\"400\" class=\"wpcf7-form-control wpcf7-text\" aria-invalid=\"false\" placeholder=\"Temat\" value=\"\" type=\"text\" name=\"your-subject\" \/><\/span>\n   <\/div>\n<\/div>\n<div class=\"row\">\n   <div class=\"col-sm-12 col-xs-12\">\n      <span class=\"wpcf7-form-control-wrap\" data-name=\"your-message\"><textarea cols=\"40\" rows=\"10\" maxlength=\"2000\" class=\"wpcf7-form-control wpcf7-textarea\" aria-invalid=\"false\" placeholder=\"Napisz wiadomo\u015b\u0107\" name=\"your-message\"><\/textarea><\/span>\n   <\/div>\n   <div class=\"col-sm-12 col-xs-12 action text-left\"><span class=\"form-action\"><input class=\"wpcf7-form-control wpcf7-submit has-spinner\" type=\"submit\" value=\"Wy\u015blij wiadomo\u015b\u0107\" \/><\/span><\/div>\n<\/div><div class=\"wpcf7-response-output\" aria-hidden=\"true\"><\/div>\n<input type=\"hidden\" name=\"trp-form-language\" value=\"pl\"\/><\/form>\n<\/div>\n<\/div>\n\t\t\t\t\t\t<\/div>\n\t\t\t\t\t<\/div>\n\t\t<\/div>\n\t\t\t\t\t<\/div>\n\t\t<\/section>\n\t\t\t\t<section class=\"elementor-section elementor-top-section elementor-element elementor-element-e408315 elementor-section-full_width elementor-section-height-default elementor-section-height-default\" data-id=\"e408315\" data-element_type=\"section\">\n\t\t\t\t\t\t<div class=\"elementor-container elementor-column-gap-default\">\n\t\t\t\t\t<div class=\"elementor-column elementor-col-100 elementor-top-column elementor-element elementor-element-3e5a49d\" data-id=\"3e5a49d\" data-element_type=\"column\">\n\t\t\t<div class=\"elementor-widget-wrap elementor-element-populated\">\n\t\t\t\t\t\t<div class=\"elementor-element elementor-element-ce17275 elementor-widget elementor-widget-google_maps\" data-id=\"ce17275\" data-element_type=\"widget\" data-widget_type=\"google_maps.default\">\n\t\t\t\t\t\t\t<div class=\"elementor-custom-embed\">\n\t\t\t<iframe loading=\"lazy\"\n\t\t\t\t\tsrc=\"https:\/\/maps.google.com\/maps?q=Hurghada&#038;t=m&#038;z=10&#038;output=embed&#038;iwloc=near\"\n\t\t\t\t\ttitle=\"Hurghada\"\n\t\t\t\t\taria-label=\"Hurghada\"\n\t\t\t><\/iframe>\n\t\t<\/div>\n\t\t\t\t\t\t<\/div>\n\t\t\t\t\t<\/div>\n\t\t<\/div>\n\t\t\t\t\t<\/div>\n\t\t<\/section>\n\t\t\t\t<\/div>","protected":false},"excerpt":{"rendered":"<p>Contact Us Contact us We\u2019re here to help you plan the perfect excursion! Hurghada Sea Soul is a local excursion specialist dedicated to creating unforgettable travel experiences in Egypt. We work with licensed operators and experienced guides to ensure every trip meets high standards of safety, comfort, and enjoyment. Our mission is to give travelers [&hellip;]<\/p>","protected":false},"author":1,"featured_media":0,"parent":0,"menu_order":0,"comment_status":"closed","ping_status":"closed","template":"","meta":{"footnotes":""},"class_list":["post-30","page","type-page","status-publish","hentry"],"yoast_head":"<!-- This site is optimized with the Yoast SEO plugin v26.6 - https:\/\/yoast.com\/wordpress\/plugins\/seo\/ -->\n<title>Contact Us - Hurghada Sea Soul<\/title>\n<meta name=\"robots\" content=\"index, follow, max-snippet:-1, max-image-preview:large, max-video-preview:-1\" \/>\n<link rel=\"canonical\" href=\"https:\/\/hurghada-sea-soul.com\/pl\/contact\/\" \/>\n<meta property=\"og:locale\" content=\"pl_PL\" \/>\n<meta property=\"og:type\" content=\"article\" \/>\n<meta property=\"og:title\" content=\"Contact Us - Hurghada Sea Soul\" \/>\n<meta property=\"og:description\" content=\"Contact Us Contact us We\u2019re here to help you plan the perfect excursion! Hurghada Sea Soul is a local excursion specialist dedicated to creating unforgettable travel experiences in Egypt. We work with licensed operators and experienced guides to ensure every trip meets high standards of safety, comfort, and enjoyment. Our mission is to give travelers [&hellip;]\" \/>\n<meta property=\"og:url\" content=\"https:\/\/hurghada-sea-soul.com\/pl\/contact\/\" \/>\n<meta property=\"og:site_name\" content=\"Hurghada Sea Soul\" \/>\n<meta property=\"article:modified_time\" content=\"2025-12-16T16:29:14+00:00\" \/>\n<meta property=\"og:image\" content=\"https:\/\/hurghada-sea-soul.com\/wp-content\/uploads\/2025\/12\/WhatsApp_Image_2025-10-07_at_10.52.17-removebg-preview-1-1-1-e1765898253581.png\" \/>\n\t<meta property=\"og:image:width\" content=\"309\" \/>\n\t<meta property=\"og:image:height\" content=\"263\" \/>\n\t<meta property=\"og:image:type\" content=\"image\/png\" \/>\n<meta name=\"twitter:card\" content=\"summary_large_image\" \/>\n<meta name=\"twitter:label1\" content=\"Szacowany czas czytania\" \/>\n\t<meta name=\"twitter:data1\" content=\"1 minuta\" \/>\n<script type=\"application\/ld+json\" class=\"yoast-schema-graph\">{\"@context\":\"https:\/\/schema.org\",\"@graph\":[{\"@type\":\"WebPage\",\"@id\":\"https:\/\/hurghada-sea-soul.com\/contact\/\",\"url\":\"https:\/\/hurghada-sea-soul.com\/contact\/\",\"name\":\"Contact Us - Hurghada Sea Soul\",\"isPartOf\":{\"@id\":\"https:\/\/hurghada-sea-soul.com\/#website\"},\"primaryImageOfPage\":{\"@id\":\"https:\/\/hurghada-sea-soul.com\/contact\/#primaryimage\"},\"image\":{\"@id\":\"https:\/\/hurghada-sea-soul.com\/contact\/#primaryimage\"},\"thumbnailUrl\":\"https:\/\/hurghada-sea-soul.com\/wp-content\/uploads\/2025\/12\/WhatsApp_Image_2025-10-07_at_10.52.17-removebg-preview-1-1-1-e1765898253581.png\",\"datePublished\":\"2022-12-19T02:30:45+00:00\",\"dateModified\":\"2025-12-16T16:29:14+00:00\",\"breadcrumb\":{\"@id\":\"https:\/\/hurghada-sea-soul.com\/contact\/#breadcrumb\"},\"inLanguage\":\"pl-PL\",\"potentialAction\":[{\"@type\":\"ReadAction\",\"target\":[\"https:\/\/hurghada-sea-soul.com\/contact\/\"]}]},{\"@type\":\"ImageObject\",\"inLanguage\":\"pl-PL\",\"@id\":\"https:\/\/hurghada-sea-soul.com\/contact\/#primaryimage\",\"url\":\"https:\/\/hurghada-sea-soul.com\/wp-content\/uploads\/2025\/12\/WhatsApp_Image_2025-10-07_at_10.52.17-removebg-preview-1-1-1-e1765898253581.png\",\"contentUrl\":\"https:\/\/hurghada-sea-soul.com\/wp-content\/uploads\/2025\/12\/WhatsApp_Image_2025-10-07_at_10.52.17-removebg-preview-1-1-1-e1765898253581.png\"},{\"@type\":\"BreadcrumbList\",\"@id\":\"https:\/\/hurghada-sea-soul.com\/contact\/#breadcrumb\",\"itemListElement\":[{\"@type\":\"ListItem\",\"position\":1,\"name\":\"Home\",\"item\":\"https:\/\/hurghada-sea-soul.com\/\"},{\"@type\":\"ListItem\",\"position\":2,\"name\":\"Contact Us\"}]},{\"@type\":\"WebSite\",\"@id\":\"https:\/\/hurghada-sea-soul.com\/#website\",\"url\":\"https:\/\/hurghada-sea-soul.com\/\",\"name\":\"Hurghada Sea Soul\",\"description\":\"Hurghada Sea Soul | Your gateway to unforgettable adventures in Egypt\",\"publisher\":{\"@id\":\"https:\/\/hurghada-sea-soul.com\/#organization\"},\"potentialAction\":[{\"@type\":\"SearchAction\",\"target\":{\"@type\":\"EntryPoint\",\"urlTemplate\":\"https:\/\/hurghada-sea-soul.com\/?s={search_term_string}\"},\"query-input\":{\"@type\":\"PropertyValueSpecification\",\"valueRequired\":true,\"valueName\":\"search_term_string\"}}],\"inLanguage\":\"pl-PL\"},{\"@type\":\"Organization\",\"@id\":\"https:\/\/hurghada-sea-soul.com\/#organization\",\"name\":\"Hurghada Sea Soul\",\"url\":\"https:\/\/hurghada-sea-soul.com\/\",\"logo\":{\"@type\":\"ImageObject\",\"inLanguage\":\"pl-PL\",\"@id\":\"https:\/\/hurghada-sea-soul.com\/#\/schema\/logo\/image\/\",\"url\":\"https:\/\/hurghada-sea-soul.com\/wp-content\/uploads\/2025\/12\/WhatsApp_Image_2025-10-07_at_10.52.17-removebg-preview-1-1-1-e1765898253581.png\",\"contentUrl\":\"https:\/\/hurghada-sea-soul.com\/wp-content\/uploads\/2025\/12\/WhatsApp_Image_2025-10-07_at_10.52.17-removebg-preview-1-1-1-e1765898253581.png\",\"width\":309,\"height\":263,\"caption\":\"Hurghada Sea Soul\"},\"image\":{\"@id\":\"https:\/\/hurghada-sea-soul.com\/#\/schema\/logo\/image\/\"}}]}<\/script>\n<!-- \/ Yoast SEO plugin. -->","yoast_head_json":{"title":"Contact Us - Hurghada Sea Soul","robots":{"index":"index","follow":"follow","max-snippet":"max-snippet:-1","max-image-preview":"max-image-preview:large","max-video-preview":"max-video-preview:-1"},"canonical":"https:\/\/hurghada-sea-soul.com\/pl\/contact\/","og_locale":"pl_PL","og_type":"article","og_title":"Contact Us - Hurghada Sea Soul","og_description":"Contact Us Contact us We\u2019re here to help you plan the perfect excursion! Hurghada Sea Soul is a local excursion specialist dedicated to creating unforgettable travel experiences in Egypt. We work with licensed operators and experienced guides to ensure every trip meets high standards of safety, comfort, and enjoyment. Our mission is to give travelers [&hellip;]","og_url":"https:\/\/hurghada-sea-soul.com\/pl\/contact\/","og_site_name":"Hurghada Sea Soul","article_modified_time":"2025-12-16T16:29:14+00:00","og_image":[{"width":309,"height":263,"url":"https:\/\/hurghada-sea-soul.com\/wp-content\/uploads\/2025\/12\/WhatsApp_Image_2025-10-07_at_10.52.17-removebg-preview-1-1-1-e1765898253581.png","type":"image\/png"}],"twitter_card":"summary_large_image","twitter_misc":{"Szacowany czas czytania":"1 minuta"},"schema":{"@context":"https:\/\/schema.org","@graph":[{"@type":"WebPage","@id":"https:\/\/hurghada-sea-soul.com\/contact\/","url":"https:\/\/hurghada-sea-soul.com\/contact\/","name":"Contact Us - Hurghada Sea Soul","isPartOf":{"@id":"https:\/\/hurghada-sea-soul.com\/#website"},"primaryImageOfPage":{"@id":"https:\/\/hurghada-sea-soul.com\/contact\/#primaryimage"},"image":{"@id":"https:\/\/hurghada-sea-soul.com\/contact\/#primaryimage"},"thumbnailUrl":"https:\/\/hurghada-sea-soul.com\/wp-content\/uploads\/2025\/12\/WhatsApp_Image_2025-10-07_at_10.52.17-removebg-preview-1-1-1-e1765898253581.png","datePublished":"2022-12-19T02:30:45+00:00","dateModified":"2025-12-16T16:29:14+00:00","breadcrumb":{"@id":"https:\/\/hurghada-sea-soul.com\/contact\/#breadcrumb"},"inLanguage":"pl-PL","potentialAction":[{"@type":"ReadAction","target":["https:\/\/hurghada-sea-soul.com\/contact\/"]}]},{"@type":"ImageObject","inLanguage":"pl-PL","@id":"https:\/\/hurghada-sea-soul.com\/contact\/#primaryimage","url":"https:\/\/hurghada-sea-soul.com\/wp-content\/uploads\/2025\/12\/WhatsApp_Image_2025-10-07_at_10.52.17-removebg-preview-1-1-1-e1765898253581.png","contentUrl":"https:\/\/hurghada-sea-soul.com\/wp-content\/uploads\/2025\/12\/WhatsApp_Image_2025-10-07_at_10.52.17-removebg-preview-1-1-1-e1765898253581.png"},{"@type":"BreadcrumbList","@id":"https:\/\/hurghada-sea-soul.com\/contact\/#breadcrumb","itemListElement":[{"@type":"ListItem","position":1,"name":"Home","item":"https:\/\/hurghada-sea-soul.com\/"},{"@type":"ListItem","position":2,"name":"Contact Us"}]},{"@type":"WebSite","@id":"https:\/\/hurghada-sea-soul.com\/#website","url":"https:\/\/hurghada-sea-soul.com\/","name":"Hurghada Sea Soul","description":"Hurghada Sea Soul | Your gateway to unforgettable adventures in Egypt","publisher":{"@id":"https:\/\/hurghada-sea-soul.com\/#organization"},"potentialAction":[{"@type":"SearchAction","target":{"@type":"EntryPoint","urlTemplate":"https:\/\/hurghada-sea-soul.com\/?s={search_term_string}"},"query-input":{"@type":"PropertyValueSpecification","valueRequired":true,"valueName":"search_term_string"}}],"inLanguage":"pl-PL"},{"@type":"Organization","@id":"https:\/\/hurghada-sea-soul.com\/#organization","name":"Hurghada Sea Soul","url":"https:\/\/hurghada-sea-soul.com\/","logo":{"@type":"ImageObject","inLanguage":"pl-PL","@id":"https:\/\/hurghada-sea-soul.com\/#\/schema\/logo\/image\/","url":"https:\/\/hurghada-sea-soul.com\/wp-content\/uploads\/2025\/12\/WhatsApp_Image_2025-10-07_at_10.52.17-removebg-preview-1-1-1-e1765898253581.png","contentUrl":"https:\/\/hurghada-sea-soul.com\/wp-content\/uploads\/2025\/12\/WhatsApp_Image_2025-10-07_at_10.52.17-removebg-preview-1-1-1-e1765898253581.png","width":309,"height":263,"caption":"Hurghada Sea Soul"},"image":{"@id":"https:\/\/hurghada-sea-soul.com\/#\/schema\/logo\/image\/"}}]}},"_links":{"self":[{"href":"https:\/\/hurghada-sea-soul.com\/pl\/wp-json\/wp\/v2\/pages\/30","targetHints":{"allow":["GET"]}}],"collection":[{"href":"https:\/\/hurghada-sea-soul.com\/pl\/wp-json\/wp\/v2\/pages"}],"about":[{"href":"https:\/\/hurghada-sea-soul.com\/pl\/wp-json\/wp\/v2\/types\/page"}],"author":[{"embeddable":true,"href":"https:\/\/hurghada-sea-soul.com\/pl\/wp-json\/wp\/v2\/users\/1"}],"replies":[{"embeddable":true,"href":"https:\/\/hurghada-sea-soul.com\/pl\/wp-json\/wp\/v2\/comments?post=30"}],"version-history":[{"count":7,"href":"https:\/\/hurghada-sea-soul.com\/pl\/wp-json\/wp\/v2\/pages\/30\/revisions"}],"predecessor-version":[{"id":1449,"href":"https:\/\/hurghada-sea-soul.com\/pl\/wp-json\/wp\/v2\/pages\/30\/revisions\/1449"}],"wp:attachment":[{"href":"https:\/\/hurghada-sea-soul.com\/pl\/wp-json\/wp\/v2\/media?parent=30"}],"curies":[{"name":"wp","href":"https:\/\/api.w.org\/{rel}","templated":true}]}}