{"id":1457,"date":"2025-12-16T16:39:20","date_gmt":"2025-12-16T16:39:20","guid":{"rendered":"https:\/\/hurghada-sea-soul.com\/?page_id=1457"},"modified":"2025-12-16T18:50:33","modified_gmt":"2025-12-16T18:50:33","slug":"faqs","status":"publish","type":"page","link":"https:\/\/hurghada-sea-soul.com\/fr\/faqs\/","title":{"rendered":"FAQ"},"content":{"rendered":"<div data-elementor-type=\"wp-page\" data-elementor-id=\"1457\" class=\"elementor elementor-1457\" data-elementor-post-type=\"page\">\n\t\t\t\t\t\t<section class=\"elementor-section elementor-top-section elementor-element elementor-element-675fe07 elementor-section-full_width elementor-section-height-default elementor-section-height-default\" data-id=\"675fe07\" data-element_type=\"section\">\n\t\t\t\t\t\t<div class=\"elementor-container elementor-column-gap-default\">\n\t\t\t\t\t<div class=\"elementor-column elementor-col-100 elementor-top-column elementor-element elementor-element-cc25cda\" data-id=\"cc25cda\" data-element_type=\"column\">\n\t\t\t<div class=\"elementor-widget-wrap elementor-element-populated\">\n\t\t\t\t\t\t<div class=\"elementor-element elementor-element-1859136 elementor-widget elementor-widget-gva_post_breadcrumb\" data-id=\"1859136\" data-element_type=\"widget\" data-widget_type=\"gva_post_breadcrumb.default\">\n\t\t\t\t<div class=\"elementor-widget-container\">\n\t\t\t\t\t<div class=\"gva-element-gva_post_breadcrumb gva-element\">   \r\n<div class=\"post-breadcrumb\">\r\n   <div class=\"custom-breadcrumb\" >\r\n               <div class=\"breadcrumb-overlay\" style=\"\"><\/div>\r\n            <div class=\"breadcrumb-main\">\r\n        <div class=\"container\">\r\n          <div class=\"breadcrumb-container-inner align-center\">\r\n            <h2 class=\"heading-title\">FAQ<\/h2>          <\/div>  \r\n        <\/div>   \r\n      <\/div>  \r\n   <\/div>\r\n<\/div>      \r\n\r\n<\/div>\t\t\t\t<\/div>\n\t\t\t\t<\/div>\n\t\t\t\t\t<\/div>\n\t\t<\/div>\n\t\t\t\t\t<\/div>\n\t\t<\/section>\n\t\t\t\t<section class=\"elementor-section elementor-top-section elementor-element elementor-element-214b5d0 elementor-section-boxed elementor-section-height-default elementor-section-height-default\" data-id=\"214b5d0\" data-element_type=\"section\">\n\t\t\t\t\t\t<div class=\"elementor-container elementor-column-gap-default\">\n\t\t\t\t\t<div class=\"elementor-column elementor-col-100 elementor-top-column elementor-element elementor-element-524c82a\" data-id=\"524c82a\" data-element_type=\"column\">\n\t\t\t<div class=\"elementor-widget-wrap elementor-element-populated\">\n\t\t\t\t\t\t<div class=\"elementor-element elementor-element-4852652 elementor-widget elementor-widget-accordion\" data-id=\"4852652\" data-element_type=\"widget\" data-widget_type=\"accordion.default\">\n\t\t\t\t\t\t\t<div class=\"elementor-accordion\">\n\t\t\t\t\t\t\t<div class=\"elementor-accordion-item\">\n\t\t\t\t\t<div id=\"elementor-tab-title-7581\" class=\"elementor-tab-title\" data-tab=\"1\" role=\"button\" aria-controls=\"elementor-tab-content-7581\" aria-expanded=\"false\">\n\t\t\t\t\t\t\t\t\t\t\t\t<a class=\"elementor-accordion-title\" tabindex=\"0\">1.Comment r\u00e9server une excursion avec Hurghadaseasoul ?<\/a>\n\t\t\t\t\t<\/div>\n\t\t\t\t\t<div id=\"elementor-tab-content-7581\" class=\"elementor-tab-content elementor-clearfix\" data-tab=\"1\" role=\"region\" aria-labelledby=\"elementor-tab-title-7581\"><p>Vous pouvez r\u00e9server via WhatsApp, par e-mail, via des formulaires en ligne ou directement sur notre site web.<\/p><\/div>\n\t\t\t\t<\/div>\n\t\t\t\t\t\t\t<div class=\"elementor-accordion-item\">\n\t\t\t\t\t<div id=\"elementor-tab-title-7582\" class=\"elementor-tab-title\" data-tab=\"2\" role=\"button\" aria-controls=\"elementor-tab-content-7582\" aria-expanded=\"false\">\n\t\t\t\t\t\t\t\t\t\t\t\t<a class=\"elementor-accordion-title\" tabindex=\"0\">2.Proposez-vous des visites priv\u00e9es ?<\/a>\n\t\t\t\t\t<\/div>\n\t\t\t\t\t<div id=\"elementor-tab-content-7582\" class=\"elementor-tab-content elementor-clearfix\" data-tab=\"2\" role=\"region\" aria-labelledby=\"elementor-tab-title-7582\"><p>Oui ! La plupart de nos voyages sont disponibles en formule priv\u00e9e, semi-priv\u00e9e ou en groupe.<\/p><\/div>\n\t\t\t\t<\/div>\n\t\t\t\t\t\t\t<div class=\"elementor-accordion-item\">\n\t\t\t\t\t<div id=\"elementor-tab-title-7583\" class=\"elementor-tab-title\" data-tab=\"3\" role=\"button\" aria-controls=\"elementor-tab-content-7583\" aria-expanded=\"false\">\n\t\t\t\t\t\t\t\t\t\t\t\t<a class=\"elementor-accordion-title\" tabindex=\"0\">3.Vos guides sont-ils agr\u00e9\u00e9s ?<\/a>\n\t\t\t\t\t<\/div>\n\t\t\t\t\t<div id=\"elementor-tab-content-7583\" class=\"elementor-tab-content elementor-clearfix\" data-tab=\"3\" role=\"region\" aria-labelledby=\"elementor-tab-title-7583\"><p>Tous nos guides sont professionnels, agr\u00e9\u00e9s et multilingues (anglais, polonais, allemand, fran\u00e7ais).<\/p><\/div>\n\t\t\t\t<\/div>\n\t\t\t\t\t\t\t<div class=\"elementor-accordion-item\">\n\t\t\t\t\t<div id=\"elementor-tab-title-7584\" class=\"elementor-tab-title\" data-tab=\"4\" role=\"button\" aria-controls=\"elementor-tab-content-7584\" aria-expanded=\"false\">\n\t\t\t\t\t\t\t\t\t\t\t\t<a class=\"elementor-accordion-title\" tabindex=\"0\">4.Quels modes de paiement acceptez-vous ?<\/a>\n\t\t\t\t\t<\/div>\n\t\t\t\t\t<div id=\"elementor-tab-content-7584\" class=\"elementor-tab-content elementor-clearfix\" data-tab=\"4\" role=\"region\" aria-labelledby=\"elementor-tab-title-7584\"><p>Nous acceptons les esp\u00e8ces (EUR\/USD\/EGP), les virements bancaires et les paiements en ligne selon le circuit.<\/p><\/div>\n\t\t\t\t<\/div>\n\t\t\t\t\t\t\t<div class=\"elementor-accordion-item\">\n\t\t\t\t\t<div id=\"elementor-tab-title-7585\" class=\"elementor-tab-title\" data-tab=\"5\" role=\"button\" aria-controls=\"elementor-tab-content-7585\" aria-expanded=\"false\">\n\t\t\t\t\t\t\t\t\t\t\t\t<a class=\"elementor-accordion-title\" tabindex=\"0\">5. Le transport est-il inclus ?<\/a>\n\t\t\t\t\t<\/div>\n\t\t\t\t\t<div id=\"elementor-tab-content-7585\" class=\"elementor-tab-content elementor-clearfix\" data-tab=\"5\" role=\"region\" aria-labelledby=\"elementor-tab-title-7585\"><p>Oui, toutes les excursions incluent la prise en charge et le retour \u00e0 l'h\u00f4tel.<\/p><\/div>\n\t\t\t\t<\/div>\n\t\t\t\t\t\t\t<div class=\"elementor-accordion-item\">\n\t\t\t\t\t<div id=\"elementor-tab-title-7586\" class=\"elementor-tab-title\" data-tab=\"6\" role=\"button\" aria-controls=\"elementor-tab-content-7586\" aria-expanded=\"false\">\n\t\t\t\t\t\t\t\t\t\t\t\t<a class=\"elementor-accordion-title\" tabindex=\"0\">6. Vos excursions sont-elles sans danger pour les enfants ?<\/a>\n\t\t\t\t\t<\/div>\n\t\t\t\t\t<div id=\"elementor-tab-content-7586\" class=\"elementor-tab-content elementor-clearfix\" data-tab=\"6\" role=\"region\" aria-labelledby=\"elementor-tab-title-7586\"><p>Absolument. De nombreux voyages sont adapt\u00e9s aux familles et con\u00e7us pour tous les \u00e2ges.<\/p><\/div>\n\t\t\t\t<\/div>\n\t\t\t\t\t\t\t<div class=\"elementor-accordion-item\">\n\t\t\t\t\t<div id=\"elementor-tab-title-7587\" class=\"elementor-tab-title\" data-tab=\"7\" role=\"button\" aria-controls=\"elementor-tab-content-7587\" aria-expanded=\"false\">\n\t\t\t\t\t\t\t\t\t\t\t\t<a class=\"elementor-accordion-title\" tabindex=\"0\">7.Que dois-je emporter pour une excursion de plong\u00e9e en apn\u00e9e ?<\/a>\n\t\t\t\t\t<\/div>\n\t\t\t\t\t<div id=\"elementor-tab-content-7587\" class=\"elementor-tab-content elementor-clearfix\" data-tab=\"7\" role=\"region\" aria-labelledby=\"elementor-tab-title-7587\"><p>Maillot de bain, serviette, cr\u00e8me solaire et votre enthousiasme ! L'\u00e9quipement est fourni.<\/p><\/div>\n\t\t\t\t<\/div>\n\t\t\t\t\t\t\t\t\t\t<script type=\"application\/ld+json\">{\n    \"@context\": \"https:\\\/\\\/schema.org\",\n    \"@type\": \"FAQPage\",\n    \"mainEntity\": [\n        {\n            \"@type\": \"Question\",\n            \"name\": \"1. How do I book a tour with hurghadaseasoul?\",\n            \"acceptedAnswer\": {\n                \"@type\": \"Answer\",\n                \"text\": \"<p>You can book via WhatsApp, email, online forms, or directly through our website.<\\\/p>\"\n            }\n        },\n        {\n            \"@type\": \"Question\",\n            \"name\": \"2. Do you offer private tours?\",\n            \"acceptedAnswer\": {\n                \"@type\": \"Answer\",\n                \"text\": \"<p>Yes! Most of our trips are available as private, semi-private, or group options.<\\\/p>\"\n            }\n        },\n        {\n            \"@type\": \"Question\",\n            \"name\": \"3. Are your guides licensed?\",\n            \"acceptedAnswer\": {\n                \"@type\": \"Answer\",\n                \"text\": \"<p>All our guides are professional, licensed, and multilingual (English, Polish, German, French).<\\\/p>\"\n            }\n        },\n        {\n            \"@type\": \"Question\",\n            \"name\": \"4. What payment methods do you accept?\",\n            \"acceptedAnswer\": {\n                \"@type\": \"Answer\",\n                \"text\": \"<p>We accept cash (EUR\\\/USD\\\/EGP), bank transfers, and online payments depending on the tour.<\\\/p>\"\n            }\n        },\n        {\n            \"@type\": \"Question\",\n            \"name\": \"5. Is transportation included?\",\n            \"acceptedAnswer\": {\n                \"@type\": \"Answer\",\n                \"text\": \"<p>Yes \\u2014 all tours include hotel pickup and drop-off.<\\\/p>\"\n            }\n        },\n        {\n            \"@type\": \"Question\",\n            \"name\": \"6. Are your excursions safe for children?\",\n            \"acceptedAnswer\": {\n                \"@type\": \"Answer\",\n                \"text\": \"<p>Absolutely. Many trips are family-friendly and designed for all ages.<\\\/p>\"\n            }\n        },\n        {\n            \"@type\": \"Question\",\n            \"name\": \"7. What should I bring on a snorkeling tour?\",\n            \"acceptedAnswer\": {\n                \"@type\": \"Answer\",\n                \"text\": \"<p>Swimsuit, towel, sunscreen, and your excitement! Equipment is included.<\\\/p>\"\n            }\n        }\n    ]\n}<\/script>\n\t\t\t\t\t<\/div>\n\t\t\t\t\t\t<\/div>\n\t\t\t\t\t<\/div>\n\t\t<\/div>\n\t\t\t\t\t<\/div>\n\t\t<\/section>\n\t\t\t\t<\/div>","protected":false},"excerpt":{"rendered":"<p>FAQS 1. How do I book a tour with hurghadaseasoul? You can book via WhatsApp, email, online forms, or directly through our website. 2. Do you offer private tours? Yes! Most of our trips are available as private, semi-private, or group options. 3. Are your guides licensed? All our guides are professional, licensed, and multilingual [&hellip;]<\/p>","protected":false},"author":1,"featured_media":0,"parent":0,"menu_order":0,"comment_status":"closed","ping_status":"closed","template":"elementor_header_footer","meta":{"footnotes":""},"class_list":["post-1457","page","type-page","status-publish","hentry"],"yoast_head":"<!-- This site is optimized with the Yoast SEO plugin v26.6 - https:\/\/yoast.com\/wordpress\/plugins\/seo\/ -->\n<title>FAQS - Hurghada Sea Soul<\/title>\n<meta name=\"robots\" content=\"index, follow, max-snippet:-1, max-image-preview:large, max-video-preview:-1\" \/>\n<link rel=\"canonical\" href=\"https:\/\/hurghada-sea-soul.com\/fr\/faqs\/\" \/>\n<meta property=\"og:locale\" content=\"fr_FR\" \/>\n<meta property=\"og:type\" content=\"article\" \/>\n<meta property=\"og:title\" content=\"FAQS - Hurghada Sea Soul\" \/>\n<meta property=\"og:description\" content=\"FAQS 1. How do I book a tour with hurghadaseasoul? You can book via WhatsApp, email, online forms, or directly through our website. 2. Do you offer private tours? Yes! Most of our trips are available as private, semi-private, or group options. 3. Are your guides licensed? All our guides are professional, licensed, and multilingual [&hellip;]\" \/>\n<meta property=\"og:url\" content=\"https:\/\/hurghada-sea-soul.com\/fr\/faqs\/\" \/>\n<meta property=\"og:site_name\" content=\"Hurghada Sea Soul\" \/>\n<meta property=\"article:modified_time\" content=\"2025-12-16T18:50:33+00:00\" \/>\n<meta property=\"og:image\" content=\"https:\/\/hurghada-sea-soul.com\/wp-content\/uploads\/2025\/12\/summer-on-the-beach-travel-background-concept-.jpg\" \/>\n\t<meta property=\"og:image:width\" content=\"1280\" \/>\n\t<meta property=\"og:image:height\" content=\"854\" \/>\n\t<meta property=\"og:image:type\" content=\"image\/jpeg\" \/>\n<meta name=\"twitter:card\" content=\"summary_large_image\" \/>\n<meta name=\"twitter:label1\" content=\"Dur\u00e9e de lecture estim\u00e9e\" \/>\n\t<meta name=\"twitter:data1\" content=\"1 minute\" \/>\n<script type=\"application\/ld+json\" class=\"yoast-schema-graph\">{\"@context\":\"https:\/\/schema.org\",\"@graph\":[{\"@type\":\"WebPage\",\"@id\":\"https:\/\/hurghada-sea-soul.com\/faqs\/\",\"url\":\"https:\/\/hurghada-sea-soul.com\/faqs\/\",\"name\":\"FAQS - Hurghada Sea Soul\",\"isPartOf\":{\"@id\":\"https:\/\/hurghada-sea-soul.com\/#website\"},\"datePublished\":\"2025-12-16T16:39:20+00:00\",\"dateModified\":\"2025-12-16T18:50:33+00:00\",\"breadcrumb\":{\"@id\":\"https:\/\/hurghada-sea-soul.com\/faqs\/#breadcrumb\"},\"inLanguage\":\"fr-FR\",\"potentialAction\":[{\"@type\":\"ReadAction\",\"target\":[\"https:\/\/hurghada-sea-soul.com\/faqs\/\"]}]},{\"@type\":\"BreadcrumbList\",\"@id\":\"https:\/\/hurghada-sea-soul.com\/faqs\/#breadcrumb\",\"itemListElement\":[{\"@type\":\"ListItem\",\"position\":1,\"name\":\"Home\",\"item\":\"https:\/\/hurghada-sea-soul.com\/\"},{\"@type\":\"ListItem\",\"position\":2,\"name\":\"FAQS\"}]},{\"@type\":\"WebSite\",\"@id\":\"https:\/\/hurghada-sea-soul.com\/#website\",\"url\":\"https:\/\/hurghada-sea-soul.com\/\",\"name\":\"Hurghada Sea Soul\",\"description\":\"Hurghada Sea Soul | Your gateway to unforgettable adventures in Egypt\",\"publisher\":{\"@id\":\"https:\/\/hurghada-sea-soul.com\/#organization\"},\"potentialAction\":[{\"@type\":\"SearchAction\",\"target\":{\"@type\":\"EntryPoint\",\"urlTemplate\":\"https:\/\/hurghada-sea-soul.com\/?s={search_term_string}\"},\"query-input\":{\"@type\":\"PropertyValueSpecification\",\"valueRequired\":true,\"valueName\":\"search_term_string\"}}],\"inLanguage\":\"fr-FR\"},{\"@type\":\"Organization\",\"@id\":\"https:\/\/hurghada-sea-soul.com\/#organization\",\"name\":\"Hurghada Sea Soul\",\"url\":\"https:\/\/hurghada-sea-soul.com\/\",\"logo\":{\"@type\":\"ImageObject\",\"inLanguage\":\"fr-FR\",\"@id\":\"https:\/\/hurghada-sea-soul.com\/#\/schema\/logo\/image\/\",\"url\":\"https:\/\/hurghada-sea-soul.com\/wp-content\/uploads\/2025\/12\/WhatsApp_Image_2025-10-07_at_10.52.17-removebg-preview-1-1-1-e1765898253581.png\",\"contentUrl\":\"https:\/\/hurghada-sea-soul.com\/wp-content\/uploads\/2025\/12\/WhatsApp_Image_2025-10-07_at_10.52.17-removebg-preview-1-1-1-e1765898253581.png\",\"width\":309,\"height\":263,\"caption\":\"Hurghada Sea Soul\"},\"image\":{\"@id\":\"https:\/\/hurghada-sea-soul.com\/#\/schema\/logo\/image\/\"}}]}<\/script>\n<!-- \/ Yoast SEO plugin. -->","yoast_head_json":{"title":"FAQS - Hurghada Sea Soul","robots":{"index":"index","follow":"follow","max-snippet":"max-snippet:-1","max-image-preview":"max-image-preview:large","max-video-preview":"max-video-preview:-1"},"canonical":"https:\/\/hurghada-sea-soul.com\/fr\/faqs\/","og_locale":"fr_FR","og_type":"article","og_title":"FAQS - Hurghada Sea Soul","og_description":"FAQS 1. How do I book a tour with hurghadaseasoul? You can book via WhatsApp, email, online forms, or directly through our website. 2. Do you offer private tours? Yes! Most of our trips are available as private, semi-private, or group options. 3. Are your guides licensed? All our guides are professional, licensed, and multilingual [&hellip;]","og_url":"https:\/\/hurghada-sea-soul.com\/fr\/faqs\/","og_site_name":"Hurghada Sea Soul","article_modified_time":"2025-12-16T18:50:33+00:00","og_image":[{"width":1280,"height":854,"url":"https:\/\/hurghada-sea-soul.com\/wp-content\/uploads\/2025\/12\/summer-on-the-beach-travel-background-concept-.jpg","type":"image\/jpeg"}],"twitter_card":"summary_large_image","twitter_misc":{"Dur\u00e9e de lecture estim\u00e9e":"1 minute"},"schema":{"@context":"https:\/\/schema.org","@graph":[{"@type":"WebPage","@id":"https:\/\/hurghada-sea-soul.com\/faqs\/","url":"https:\/\/hurghada-sea-soul.com\/faqs\/","name":"FAQS - Hurghada Sea Soul","isPartOf":{"@id":"https:\/\/hurghada-sea-soul.com\/#website"},"datePublished":"2025-12-16T16:39:20+00:00","dateModified":"2025-12-16T18:50:33+00:00","breadcrumb":{"@id":"https:\/\/hurghada-sea-soul.com\/faqs\/#breadcrumb"},"inLanguage":"fr-FR","potentialAction":[{"@type":"ReadAction","target":["https:\/\/hurghada-sea-soul.com\/faqs\/"]}]},{"@type":"BreadcrumbList","@id":"https:\/\/hurghada-sea-soul.com\/faqs\/#breadcrumb","itemListElement":[{"@type":"ListItem","position":1,"name":"Home","item":"https:\/\/hurghada-sea-soul.com\/"},{"@type":"ListItem","position":2,"name":"FAQS"}]},{"@type":"WebSite","@id":"https:\/\/hurghada-sea-soul.com\/#website","url":"https:\/\/hurghada-sea-soul.com\/","name":"\u00c2me de la Mer d'Hurghada","description":"Hurghada Sea Soul | Your gateway to unforgettable adventures in Egypt","publisher":{"@id":"https:\/\/hurghada-sea-soul.com\/#organization"},"potentialAction":[{"@type":"SearchAction","target":{"@type":"EntryPoint","urlTemplate":"https:\/\/hurghada-sea-soul.com\/?s={search_term_string}"},"query-input":{"@type":"PropertyValueSpecification","valueRequired":true,"valueName":"search_term_string"}}],"inLanguage":"fr-FR"},{"@type":"Organization","@id":"https:\/\/hurghada-sea-soul.com\/#organization","name":"\u00c2me de la Mer d'Hurghada","url":"https:\/\/hurghada-sea-soul.com\/","logo":{"@type":"ImageObject","inLanguage":"fr-FR","@id":"https:\/\/hurghada-sea-soul.com\/#\/schema\/logo\/image\/","url":"https:\/\/hurghada-sea-soul.com\/wp-content\/uploads\/2025\/12\/WhatsApp_Image_2025-10-07_at_10.52.17-removebg-preview-1-1-1-e1765898253581.png","contentUrl":"https:\/\/hurghada-sea-soul.com\/wp-content\/uploads\/2025\/12\/WhatsApp_Image_2025-10-07_at_10.52.17-removebg-preview-1-1-1-e1765898253581.png","width":309,"height":263,"caption":"Hurghada Sea Soul"},"image":{"@id":"https:\/\/hurghada-sea-soul.com\/#\/schema\/logo\/image\/"}}]}},"_links":{"self":[{"href":"https:\/\/hurghada-sea-soul.com\/fr\/wp-json\/wp\/v2\/pages\/1457","targetHints":{"allow":["GET"]}}],"collection":[{"href":"https:\/\/hurghada-sea-soul.com\/fr\/wp-json\/wp\/v2\/pages"}],"about":[{"href":"https:\/\/hurghada-sea-soul.com\/fr\/wp-json\/wp\/v2\/types\/page"}],"author":[{"embeddable":true,"href":"https:\/\/hurghada-sea-soul.com\/fr\/wp-json\/wp\/v2\/users\/1"}],"replies":[{"embeddable":true,"href":"https:\/\/hurghada-sea-soul.com\/fr\/wp-json\/wp\/v2\/comments?post=1457"}],"version-history":[{"count":7,"href":"https:\/\/hurghada-sea-soul.com\/fr\/wp-json\/wp\/v2\/pages\/1457\/revisions"}],"predecessor-version":[{"id":1472,"href":"https:\/\/hurghada-sea-soul.com\/fr\/wp-json\/wp\/v2\/pages\/1457\/revisions\/1472"}],"wp:attachment":[{"href":"https:\/\/hurghada-sea-soul.com\/fr\/wp-json\/wp\/v2\/media?parent=1457"}],"curies":[{"name":"wp","href":"https:\/\/api.w.org\/{rel}","templated":true}]}}